{"id":743,"date":"2024-11-20T21:38:42","date_gmt":"2024-11-20T20:38:42","guid":{"rendered":"https:\/\/palmeralelx.umh.es\/?page_id=743"},"modified":"2024-11-27T12:04:52","modified_gmt":"2024-11-27T11:04:52","slug":"catedra-y-educacion","status":"publish","type":"page","link":"https:\/\/palmeralelx.umh.es\/ca\/catedra-y-educacion\/","title":{"rendered":"<span lang=\"es\">(Espa\u00f1ol) C\u00e1tedra y educaci\u00f3n<\/span>"},"content":{"rendered":"<p class=\"qtranxs-available-languages-message qtranxs-available-languages-message-ca\">Ho sentim, aquesta entrada es troba disponible \u00fanicament en <a href=\"https:\/\/palmeralelx.umh.es\/es\/wp-json\/wp\/v2\/pages\/743\" class=\"qtranxs-available-language-link qtranxs-available-language-link-es\" title=\"Espa\u00f1ol\">Espanyol Europeu<\/a>.<\/p>","protected":false},"excerpt":{"rendered":"<p>Ho sentim, aquesta entrada es troba disponible \u00fanicament en Espanyol Europeu.<\/p>\n","protected":false},"author":6280,"featured_media":0,"parent":0,"menu_order":0,"comment_status":"closed","ping_status":"closed","template":"","meta":{"ngg_post_thumbnail":0,"_links_to":"","_links_to_target":""},"_links":{"self":[{"href":"https:\/\/palmeralelx.umh.es\/ca\/wp-json\/wp\/v2\/pages\/743"}],"collection":[{"href":"https:\/\/palmeralelx.umh.es\/ca\/wp-json\/wp\/v2\/pages"}],"about":[{"href":"https:\/\/palmeralelx.umh.es\/ca\/wp-json\/wp\/v2\/types\/page"}],"author":[{"embeddable":true,"href":"https:\/\/palmeralelx.umh.es\/ca\/wp-json\/wp\/v2\/users\/6280"}],"replies":[{"embeddable":true,"href":"https:\/\/palmeralelx.umh.es\/ca\/wp-json\/wp\/v2\/comments?post=743"}],"version-history":[{"count":0,"href":"https:\/\/palmeralelx.umh.es\/ca\/wp-json\/wp\/v2\/pages\/743\/revisions"}],"wp:attachment":[{"href":"https:\/\/palmeralelx.umh.es\/ca\/wp-json\/wp\/v2\/media?parent=743"}],"curies":[{"name":"wp","href":"https:\/\/api.w.org\/{rel}","templated":true}]}}